{"id":12,"date":"2025-12-03T11:53:07","date_gmt":"2025-12-03T16:53:07","guid":{"rendered":"https:\/\/titedent.wpdev0.koumbit.net\/index.php\/accueil\/"},"modified":"2025-12-23T10:52:39","modified_gmt":"2025-12-23T15:52:39","slug":"accueil","status":"publish","type":"page","link":"https:\/\/titedent.wpdev0.koumbit.net\/","title":{"rendered":"Accueil"},"content":{"rendered":"<style>.kb-row-layout-wrap.wp-block-kadence-rowlayout.kb-row-layout-id12_ff2066-d0{margin-top:0px;}.kb-row-layout-id12_ff2066-d0 > .kt-row-column-wrap{align-content:start;}:where(.kb-row-layout-id12_ff2066-d0 > .kt-row-column-wrap) > .wp-block-kadence-column{justify-content:start;}.kb-row-layout-id12_ff2066-d0 > .kt-row-column-wrap{column-gap:var(--global-kb-gap-md, 2rem);row-gap:var(--global-kb-gap-md, 2rem);padding-top:50%;padding-right:50%;padding-bottom:50%;padding-left:50%;grid-template-columns:minmax(0, 1fr);}.kb-row-layout-id12_ff2066-d0{background-image:url('http:\/\/titedent.wpdev0.koumbit.net\/wp-content\/uploads\/2025\/12\/09d297_f2085be79b1b4887b921e2d4fcc78fa1_mv2.jpeg');background-size:auto;background-position:48% 53%;background-attachment:scroll;background-repeat:no-repeat;}.kb-row-layout-id12_ff2066-d0 > .kt-row-layout-overlay{opacity:0.30;}@media all and (max-width: 1024px){.kb-row-layout-id12_ff2066-d0 > .kt-row-column-wrap{grid-template-columns:minmax(0, 1fr);}}@media all and (max-width: 767px){.kb-row-layout-id12_ff2066-d0 > .kt-row-column-wrap{grid-template-columns:minmax(0, 1fr);}}<\/style><div class=\"kb-row-layout-wrap kb-row-layout-id12_ff2066-d0 alignnone kt-row-has-bg wp-block-kadence-rowlayout\"><div class=\"kt-row-column-wrap kt-has-1-columns kt-row-layout-equal kt-tab-layout-inherit kt-mobile-layout-row kt-row-valign-top\">\n<style>.kadence-column12_2f6648-78 > .kt-inside-inner-col{display:flex;}.kadence-column12_2f6648-78 > .kt-inside-inner-col,.kadence-column12_2f6648-78 > .kt-inside-inner-col:before{border-top-left-radius:0px;border-top-right-radius:0px;border-bottom-right-radius:0px;border-bottom-left-radius:0px;}.kadence-column12_2f6648-78 > .kt-inside-inner-col{column-gap:var(--global-kb-gap-none, 0rem );}.kadence-column12_2f6648-78 > .kt-inside-inner-col{flex-direction:row;flex-wrap:wrap;align-items:center;justify-content:center;}.kadence-column12_2f6648-78 > .kt-inside-inner-col > *, .kadence-column12_2f6648-78 > .kt-inside-inner-col > figure.wp-block-image, .kadence-column12_2f6648-78 > .kt-inside-inner-col > figure.wp-block-kadence-image{margin-top:0px;margin-bottom:0px;}.kadence-column12_2f6648-78 > .kt-inside-inner-col > .kb-image-is-ratio-size{flex-grow:1;}.kt-row-column-wrap > .kadence-column12_2f6648-78{align-self:center;}.kt-inner-column-height-full:not(.kt-has-1-columns) > .wp-block-kadence-column.kadence-column12_2f6648-78{align-self:auto;}.kt-inner-column-height-full:not(.kt-has-1-columns) > .wp-block-kadence-column.kadence-column12_2f6648-78 > .kt-inside-inner-col{align-items:center;}.kadence-column12_2f6648-78 > .kt-inside-inner-col:before{opacity:0.3;}.kadence-column12_2f6648-78{text-align:left;}.kadence-column12_2f6648-78{position:relative;}@media all and (max-width: 1024px){.kt-row-column-wrap > .kadence-column12_2f6648-78{align-self:center;}}@media all and (max-width: 1024px){.kt-inner-column-height-full:not(.kt-has-1-columns) > .wp-block-kadence-column.kadence-column12_2f6648-78{align-self:auto;}}@media all and (max-width: 1024px){.kt-inner-column-height-full:not(.kt-has-1-columns) > .wp-block-kadence-column.kadence-column12_2f6648-78 > .kt-inside-inner-col{align-items:center;}}@media all and (max-width: 1024px){.kadence-column12_2f6648-78 > .kt-inside-inner-col{flex-direction:row;flex-wrap:wrap;align-items:center;justify-content:center;}}@media all and (min-width: 768px) and (max-width: 1024px){.kadence-column12_2f6648-78 > .kt-inside-inner-col > *, .kadence-column12_2f6648-78 > .kt-inside-inner-col > figure.wp-block-image, .kadence-column12_2f6648-78 > .kt-inside-inner-col > figure.wp-block-kadence-image{margin-top:0px;margin-bottom:0px;}.kadence-column12_2f6648-78 > .kt-inside-inner-col > .kb-image-is-ratio-size{flex-grow:1;}}@media all and (max-width: 767px){.kt-row-column-wrap > .kadence-column12_2f6648-78{align-self:center;}.kt-inner-column-height-full:not(.kt-has-1-columns) > .wp-block-kadence-column.kadence-column12_2f6648-78{align-self:auto;}.kt-inner-column-height-full:not(.kt-has-1-columns) > .wp-block-kadence-column.kadence-column12_2f6648-78 > .kt-inside-inner-col{align-items:center;}.kadence-column12_2f6648-78 > .kt-inside-inner-col{flex-direction:row;flex-wrap:wrap;justify-content:flex-start;justify-content:center;}.kadence-column12_2f6648-78 > .kt-inside-inner-col > *, .kadence-column12_2f6648-78 > .kt-inside-inner-col > figure.wp-block-image, .kadence-column12_2f6648-78 > .kt-inside-inner-col > figure.wp-block-kadence-image{margin-top:0px;margin-bottom:0px;}.kadence-column12_2f6648-78 > .kt-inside-inner-col > .kb-image-is-ratio-size{flex-grow:1;}}<\/style>\n<div class=\"wp-block-kadence-column kadence-column12_2f6648-78 kb-section-dir-horizontal\"><div class=\"kt-inside-inner-col\">\n<h2 class=\"wp-block-heading alignwide\">TEST<\/h2>\n<\/div><\/div>\n\n<\/div><\/div>\n\n\n<div class=\"wp-block-columns is-layout-flex wp-container-core-columns-is-layout-28f84493 wp-block-columns-is-layout-flex\">\n<div class=\"wp-block-column is-layout-flow wp-block-column-is-layout-flow\">\n<div class=\"wp-block-columns has-border-color has-background is-layout-flex wp-container-core-columns-is-layout-28f84493 wp-block-columns-is-layout-flex\" style=\"border-color:#9e9da1;border-width:100px;background-color:#9e9da1\">\n<div class=\"wp-block-column is-layout-flow wp-block-column-is-layout-flow\">\n<h1 class=\"wp-block-heading has-text-align-center\" id=\"mission\">Notre Mission<\/h1>\n\n\n\n<p class=\"has-text-color has-link-color wp-elements-a9f100a95a5c15d686ad6b67adfbea48\" id=\"mission\" style=\"color:#231c4f\"><strong>La mission de la Coop de Solidarit\u00e9 Tite-Dent est de d\u00e9mocratiser l\u2019acc\u00e8s aux soins dentaires en offrant une alternative communautaire, \u00e9thique et accessible aux cliniques traditionnelles, particuli\u00e8rement pour les populations vuln\u00e9rables \u00e0 Montr\u00e9al. Son m\u00e9tier est la dentisterie, exerc\u00e9e avec une approche humaine et pr\u00e9ventive, sur un march\u00e9 marqu\u00e9 par des in\u00e9galit\u00e9s d\u2019acc\u00e8s. Elle vise \u00e0 combler les lacunes du syst\u00e8me de sant\u00e9 en rendant les soins dentaires de qualit\u00e9 financi\u00e8rement accessibles, tout en formant la rel\u00e8ve dentaire. Sa diff\u00e9renciation repose sur un mod\u00e8le coop\u00e9ratif d\u00e9mocratique, une tarification flexible et une gestion collective favorisant l\u2019\u00e9quit\u00e9 et le respect des patients comme des professionnels. Tite-dent s\u2019appuie sur des principes de solidarit\u00e9, de justice sociale et de dignit\u00e9, croyant fermement que chacun m\u00e9rite un acc\u00e8s \u00e9quitable \u00e0 la sant\u00e9 dentaire!<\/strong><br><\/p>\n<\/div>\n<\/div>\n<\/div>\n<\/div>\n\n\n\n<h1 class=\"wp-block-heading has-x-large-font-size\">Nos Services<\/h1>\n\n\n\n<div class=\"wp-block-columns has-border-color has-ast-global-color-1-border-color has-ast-global-color-1-background-color has-background is-layout-flex wp-container-core-columns-is-layout-87527e6a wp-block-columns-is-layout-flex\" style=\"border-style:solid;border-width:100px;border-top-left-radius:0px;border-top-right-radius:0px;border-bottom-left-radius:0px;border-bottom-right-radius:0px;padding-right:var(--wp--preset--spacing--70);padding-left:var(--wp--preset--spacing--70)\">\n<div class=\"wp-block-column is-vertically-aligned-top is-layout-flow wp-block-column-is-layout-flow\" style=\"border-top-left-radius:20px;border-top-right-radius:20px;border-bottom-left-radius:20px;border-bottom-right-radius:20px\">\n<h2 class=\"wp-block-heading has-text-align-center has-ast-global-color-4-color has-text-color has-link-color wp-elements-bcb1940967da0b44097adb52b25a917a\" id=\"services\"><br>Soins dentaires pr\u00e9ventifs<\/h2>\n\n\n\n<p class=\"has-text-align-center has-ast-global-color-4-color has-text-color has-link-color wp-elements-5895c1856478edc297e2e7e4f97125b7\">La Coop de Solidarit\u00e9 Tite-Dent propose une gamme compl\u00e8te de soins dentaires pr\u00e9ventifs pour adultes et enfants, comprenant le nettoyage, le d\u00e9tartrage, le polissage, le traitement au fluorure, et l&rsquo;hygi\u00e8ne des enfants<\/p>\n<\/div>\n\n\n\n<div class=\"wp-block-column is-vertically-aligned-top is-layout-flow wp-block-column-is-layout-flow\" style=\"border-top-left-radius:0px;border-top-right-radius:0px;border-bottom-left-radius:0px;border-bottom-right-radius:0px;padding-top:0;padding-bottom:0\">\n<h2 class=\"wp-block-heading has-text-align-center has-ast-global-color-2-color has-text-color has-link-color wp-elements-aab6b89c740123697930975295631ddd\" style=\"border-top-left-radius:0px;border-top-right-radius:0px;border-bottom-left-radius:0px;border-bottom-right-radius:0px\"><br>Urgences dentaires<\/h2>\n\n\n\n<p class=\"has-text-align-center has-ast-global-color-2-color has-text-color has-link-color wp-elements-79a875b911e2c3ffeb35c5759ce068a2\">En cas d&rsquo;urgence dentaire, notre \u00e9quipe est disponible pour vous offrir des soins rapides et efficaces, afin de soulager la douleur et pr\u00e9server votre bien-\u00eatre buccal.<\/p>\n<\/div>\n<\/div>\n\n\n\n<div class=\"wp-block-columns has-border-color has-ast-global-color-1-border-color has-ast-global-color-1-background-color has-background is-layout-flex wp-container-core-columns-is-layout-87527e6a wp-block-columns-is-layout-flex\" style=\"border-width:100px;border-top-left-radius:0px;border-top-right-radius:0px;border-bottom-left-radius:0px;border-bottom-right-radius:0px;padding-right:var(--wp--preset--spacing--70);padding-left:var(--wp--preset--spacing--70)\">\n<div class=\"wp-block-column is-vertically-aligned-top is-layout-flow wp-block-column-is-layout-flow\" style=\"border-top-left-radius:20px;border-top-right-radius:20px;border-bottom-left-radius:20px;border-bottom-right-radius:20px\">\n<h2 class=\"wp-block-heading has-text-align-center has-ast-global-color-2-color has-text-color has-link-color wp-elements-9a0ac39cd38dec0e450694766d8fa965\"><br>Soins dentaires esth\u00e9tiques<\/h2>\n\n\n\n<p class=\"has-text-align-center has-ast-global-color-2-color has-text-color has-link-color wp-elements-a5514f04b9ea65560fae42ad1d72ea00\">Nous offrons des services de blanchiment dentaire pour redonner \u00e9clat et brillance \u00e0 votre sourire, ainsi que la fabrication de prot\u00e8ge-dents sur mesure pour la pratique d&rsquo;activit\u00e9s sportives.<\/p>\n<\/div>\n\n\n\n<div class=\"wp-block-column is-vertically-aligned-bottom is-layout-flow wp-block-column-is-layout-flow\" style=\"border-top-left-radius:0px;border-top-right-radius:0px;border-bottom-left-radius:0px;border-bottom-right-radius:0px;padding-top:0;padding-bottom:0\">\n<h2 class=\"wp-block-heading has-text-align-center has-ast-global-color-4-color has-text-color has-link-color wp-elements-325f2a28471e7c799d3e452f1f92d7b4\" style=\"border-top-left-radius:0px;border-top-right-radius:0px;border-bottom-left-radius:0px;border-bottom-right-radius:0px\">Chirurgie dentaire<\/h2>\n\n\n\n<p class=\"has-text-align-center has-ast-global-color-4-color has-text-color has-link-color wp-elements-8b340fa7157547c44cb25cca4de2f0d6\">Nous r\u00e9alisons des interventions de chirurgie dentaire avec d\u00e9licatesse, dans le respect de votre confort et de votre sant\u00e9 dentaire.<\/p>\n<\/div>\n<\/div>\n\n\n\n<div class=\"wp-block-columns has-border-color has-ast-global-color-1-border-color has-ast-global-color-1-background-color has-background is-layout-flex wp-container-core-columns-is-layout-87527e6a wp-block-columns-is-layout-flex\" style=\"border-width:100px;border-top-left-radius:0px;border-top-right-radius:0px;border-bottom-left-radius:0px;border-bottom-right-radius:0px;padding-right:var(--wp--preset--spacing--70);padding-left:var(--wp--preset--spacing--70)\">\n<div class=\"wp-block-column is-vertically-aligned-top is-layout-flow wp-block-column-is-layout-flow\" style=\"border-top-left-radius:20px;border-top-right-radius:20px;border-bottom-left-radius:20px;border-bottom-right-radius:20px\">\n<h2 class=\"wp-block-heading has-text-align-left has-ast-global-color-2-color has-text-color has-link-color wp-elements-2040a5148a267d0e772b83e23217032a\"><br>Soins dentaires personnalis\u00e9s<\/h2>\n\n\n\n<p class=\"has-text-align-left has-ast-global-color-2-color has-text-color has-link-color wp-elements-46af3697a3d807cc7a572086db7c5cb5\">La coop\u00e9rative Tite dent assure des soins dentaires sur mesure, adapt\u00e9s aux besoins sp\u00e9cifiques de chaque patient, pour une sant\u00e9 bucco-dentaire optimale.<\/p>\n<\/div>\n\n\n\n<div class=\"wp-block-column is-layout-flow wp-block-column-is-layout-flow\" style=\"border-top-left-radius:0px;border-top-right-radius:0px;border-bottom-left-radius:0px;border-bottom-right-radius:0px;padding-top:0;padding-bottom:0\"><\/div>\n<\/div>\n\n\n\n<div style=\"height:100px\" aria-hidden=\"true\" class=\"wp-block-spacer\"><\/div>\n","protected":false},"excerpt":{"rendered":"<p>TEST Notre Mission La mission de la Coop de Solidarit\u00e9 Tite-Dent est de d\u00e9mocratiser l\u2019acc\u00e8s aux soins dentaires en offrant [&hellip;]<\/p>\n","protected":false},"author":2,"featured_media":0,"parent":0,"menu_order":0,"comment_status":"closed","ping_status":"closed","template":"","meta":{"site-sidebar-layout":"default","site-content-layout":"","ast-site-content-layout":"default","site-content-style":"default","site-sidebar-style":"default","ast-global-header-display":"","ast-banner-title-visibility":"","ast-main-header-display":"","ast-hfb-above-header-display":"","ast-hfb-below-header-display":"","ast-hfb-mobile-header-display":"","site-post-title":"disabled","ast-breadcrumbs-content":"","ast-featured-img":"","footer-sml-layout":"","ast-disable-related-posts":"","theme-transparent-header-meta":"","adv-header-id-meta":"","stick-header-meta":"","header-above-stick-meta":"","header-main-stick-meta":"","header-below-stick-meta":"","astra-migrate-meta-layouts":"default","ast-page-background-enabled":"default","ast-page-background-meta":{"desktop":{"background-color":"var(--ast-global-color-5)","background-image":"","background-repeat":"repeat","background-position":"center center","background-size":"auto","background-attachment":"scroll","background-type":"","background-media":"","overlay-type":"","overlay-color":"","overlay-opacity":"","overlay-gradient":""},"tablet":{"background-color":"","background-image":"","background-repeat":"repeat","background-position":"center center","background-size":"auto","background-attachment":"scroll","background-type":"","background-media":"","overlay-type":"","overlay-color":"","overlay-opacity":"","overlay-gradient":""},"mobile":{"background-color":"","background-image":"","background-repeat":"repeat","background-position":"center center","background-size":"auto","background-attachment":"scroll","background-type":"","background-media":"","overlay-type":"","overlay-color":"","overlay-opacity":"","overlay-gradient":""}},"ast-content-background-meta":{"desktop":{"background-color":"var(--ast-global-color-4)","background-image":"","background-repeat":"repeat","background-position":"center center","background-size":"auto","background-attachment":"scroll","background-type":"","background-media":"","overlay-type":"","overlay-color":"","overlay-opacity":"","overlay-gradient":""},"tablet":{"background-color":"var(--ast-global-color-4)","background-image":"","background-repeat":"repeat","background-position":"center center","background-size":"auto","background-attachment":"scroll","background-type":"","background-media":"","overlay-type":"","overlay-color":"","overlay-opacity":"","overlay-gradient":""},"mobile":{"background-color":"var(--ast-global-color-4)","background-image":"","background-repeat":"repeat","background-position":"center center","background-size":"auto","background-attachment":"scroll","background-type":"","background-media":"","overlay-type":"","overlay-color":"","overlay-opacity":"","overlay-gradient":""}},"footnotes":""},"class_list":["post-12","page","type-page","status-publish","hentry"],"_links":{"self":[{"href":"https:\/\/titedent.wpdev0.koumbit.net\/index.php\/wp-json\/wp\/v2\/pages\/12","targetHints":{"allow":["GET"]}}],"collection":[{"href":"https:\/\/titedent.wpdev0.koumbit.net\/index.php\/wp-json\/wp\/v2\/pages"}],"about":[{"href":"https:\/\/titedent.wpdev0.koumbit.net\/index.php\/wp-json\/wp\/v2\/types\/page"}],"author":[{"embeddable":true,"href":"https:\/\/titedent.wpdev0.koumbit.net\/index.php\/wp-json\/wp\/v2\/users\/2"}],"replies":[{"embeddable":true,"href":"https:\/\/titedent.wpdev0.koumbit.net\/index.php\/wp-json\/wp\/v2\/comments?post=12"}],"version-history":[{"count":37,"href":"https:\/\/titedent.wpdev0.koumbit.net\/index.php\/wp-json\/wp\/v2\/pages\/12\/revisions"}],"predecessor-version":[{"id":129,"href":"https:\/\/titedent.wpdev0.koumbit.net\/index.php\/wp-json\/wp\/v2\/pages\/12\/revisions\/129"}],"wp:attachment":[{"href":"https:\/\/titedent.wpdev0.koumbit.net\/index.php\/wp-json\/wp\/v2\/media?parent=12"}],"curies":[{"name":"wp","href":"https:\/\/api.w.org\/{rel}","templated":true}]}}